{"id":1850,"date":"2024-06-10T12:04:51","date_gmt":"2024-06-10T15:04:51","guid":{"rendered":"https:\/\/institutotebas.org.br\/liberdadeoumorte\/?page_id=1850"},"modified":"2024-07-08T15:19:48","modified_gmt":"2024-07-08T18:19:48","slug":"ficha-tecnica","status":"publish","type":"page","link":"https:\/\/institutotebas.org.br\/liberdadeoumorte\/ficha-tecnica\/","title":{"rendered":"Ficha T\u00e9cnica"},"content":{"rendered":"\t\t<div data-elementor-type=\"wp-page\" data-elementor-id=\"1850\" class=\"elementor elementor-1850\">\n\t\t\t\t\t\t<section class=\"elementor-section elementor-top-section elementor-element elementor-element-e836a7b elementor-section-boxed elementor-section-height-default elementor-section-height-default\" data-id=\"e836a7b\" data-element_type=\"section\" data-e-type=\"section\">\n\t\t\t\t\t\t<div class=\"elementor-container elementor-column-gap-default\">\n\t\t\t\t\t<div class=\"elementor-column elementor-col-50 elementor-top-column elementor-element elementor-element-c6d89d9\" data-id=\"c6d89d9\" data-element_type=\"column\" data-e-type=\"column\">\n\t\t\t<div class=\"elementor-widget-wrap elementor-element-populated\">\n\t\t\t\t\t\t<div class=\"elementor-element elementor-element-e081a0a elementor-widget elementor-widget-text-editor\" data-id=\"e081a0a\" data-element_type=\"widget\" data-e-type=\"widget\" data-widget_type=\"text-editor.default\">\n\t\t\t\t<div class=\"elementor-widget-container\">\n\t\t\t\t\t\t\t\t\t<p><strong>Coordena\u00e7\u00e3o Geral:<\/strong> Abilio Ferreira<\/p><p><strong>Produ\u00e7\u00e3o Executiva:<\/strong> Vera Longo, Abilio Ferreira e Alexandre Kishimoto<\/p><p><strong>Narrativas Textuais:<\/strong> Abilio Ferreira<\/p><p><strong>Narrativas Fotogr\u00e1ficas:<\/strong> Jo\u00e3o Leoci<\/p><p><strong>Narrativas Audiovisuais (Dire\u00e7\u00e3o):<\/strong> Alexandre Kishimoto<\/p>\t\t\t\t\t\t\t\t<\/div>\n\t\t\t\t<\/div>\n\t\t\t\t\t<\/div>\n\t\t<\/div>\n\t\t\t\t<div class=\"elementor-column elementor-col-50 elementor-top-column elementor-element elementor-element-56b532b\" data-id=\"56b532b\" data-element_type=\"column\" data-e-type=\"column\">\n\t\t\t<div class=\"elementor-widget-wrap elementor-element-populated\">\n\t\t\t\t\t\t<div class=\"elementor-element elementor-element-1f02ee8 elementor-widget elementor-widget-text-editor\" data-id=\"1f02ee8\" data-element_type=\"widget\" data-e-type=\"widget\" data-widget_type=\"text-editor.default\">\n\t\t\t\t<div class=\"elementor-widget-container\">\n\t\t\t\t\t\t\t\t\t<p><span style=\"color: var(--sominx-body-color); font-family: var(--sominx-font-sans-serif);\"><strong>Designer Gr\u00e1fico:<\/strong> Danilo de Paulo<\/span><\/p><p><strong>Webdesigner:<\/strong> Beatriz Oliveira<\/p><p><strong>Assessoria de Imprensa:<\/strong> Claudia Alexandre<\/p><p><strong>Assessoria Jur\u00eddica:<\/strong> Shigueo Kuwahara<\/p>\t\t\t\t\t\t\t\t<\/div>\n\t\t\t\t<\/div>\n\t\t\t\t\t<\/div>\n\t\t<\/div>\n\t\t\t\t\t<\/div>\n\t\t<\/section>\n\t\t\t\t<section class=\"elementor-section elementor-top-section elementor-element elementor-element-0806660 elementor-section-boxed elementor-section-height-default elementor-section-height-default\" data-id=\"0806660\" data-element_type=\"section\" data-e-type=\"section\">\n\t\t\t\t\t\t<div class=\"elementor-container elementor-column-gap-default\">\n\t\t\t\t\t<div class=\"elementor-column elementor-col-100 elementor-top-column elementor-element elementor-element-c9a897b\" data-id=\"c9a897b\" data-element_type=\"column\" data-e-type=\"column\">\n\t\t\t<div class=\"elementor-widget-wrap elementor-element-populated\">\n\t\t\t\t\t\t<div class=\"elementor-element elementor-element-2770d7c elementor-widget-divider--view-line elementor-widget elementor-widget-divider\" data-id=\"2770d7c\" data-element_type=\"widget\" data-e-type=\"widget\" data-widget_type=\"divider.default\">\n\t\t\t\t<div class=\"elementor-widget-container\">\n\t\t\t\t\t\t\t<div class=\"elementor-divider\">\n\t\t\t<span class=\"elementor-divider-separator\">\n\t\t\t\t\t\t<\/span>\n\t\t<\/div>\n\t\t\t\t\t\t<\/div>\n\t\t\t\t<\/div>\n\t\t\t\t\t<\/div>\n\t\t<\/div>\n\t\t\t\t\t<\/div>\n\t\t<\/section>\n\t\t\t\t<section class=\"elementor-section elementor-top-section elementor-element elementor-element-a548995 elementor-section-boxed elementor-section-height-default elementor-section-height-default\" data-id=\"a548995\" data-element_type=\"section\" data-e-type=\"section\">\n\t\t\t\t\t\t<div class=\"elementor-container elementor-column-gap-default\">\n\t\t\t\t\t<div class=\"elementor-column elementor-col-33 elementor-top-column elementor-element elementor-element-6884644\" data-id=\"6884644\" data-element_type=\"column\" data-e-type=\"column\">\n\t\t\t<div class=\"elementor-widget-wrap elementor-element-populated\">\n\t\t\t\t\t\t<div class=\"elementor-element elementor-element-ec4d88c elementor-widget elementor-widget-text-editor\" data-id=\"ec4d88c\" data-element_type=\"widget\" data-e-type=\"widget\" data-widget_type=\"text-editor.default\">\n\t\t\t\t<div class=\"elementor-widget-container\">\n\t\t\t\t\t\t\t\t\t<p><span style=\"color: #000000;\"><strong>Realiza\u00e7\u00e3o<\/strong><\/span><\/p>\t\t\t\t\t\t\t\t<\/div>\n\t\t\t\t<\/div>\n\t\t\t\t<div class=\"elementor-element elementor-element-99ef39d elementor-widget elementor-widget-image\" data-id=\"99ef39d\" data-element_type=\"widget\" data-e-type=\"widget\" data-widget_type=\"image.default\">\n\t\t\t\t<div class=\"elementor-widget-container\">\n\t\t\t\t\t\t\t\t\t\t\t\t\t\t\t<img decoding=\"async\" width=\"300\" height=\"159\" src=\"https:\/\/institutotebas.org.br\/liberdadeoumorte\/wp-content\/uploads\/2024\/06\/logo-instituto-tebas-300x159.jpg\" class=\"attachment-medium size-medium wp-image-1983\" alt=\"Instituto Tebas\" srcset=\"https:\/\/institutotebas.org.br\/liberdadeoumorte\/wp-content\/uploads\/2024\/06\/logo-instituto-tebas-300x159.jpg 300w, https:\/\/institutotebas.org.br\/liberdadeoumorte\/wp-content\/uploads\/2024\/06\/logo-instituto-tebas.jpg 500w\" sizes=\"(max-width: 300px) 100vw, 300px\" \/>\t\t\t\t\t\t\t\t\t\t\t\t\t\t\t<\/div>\n\t\t\t\t<\/div>\n\t\t\t\t\t<\/div>\n\t\t<\/div>\n\t\t\t\t<div class=\"elementor-column elementor-col-33 elementor-top-column elementor-element elementor-element-202f476\" data-id=\"202f476\" data-element_type=\"column\" data-e-type=\"column\">\n\t\t\t<div class=\"elementor-widget-wrap\">\n\t\t\t\t\t\t\t<\/div>\n\t\t<\/div>\n\t\t\t\t<div class=\"elementor-column elementor-col-33 elementor-top-column elementor-element elementor-element-2a1571c\" data-id=\"2a1571c\" data-element_type=\"column\" data-e-type=\"column\">\n\t\t\t<div class=\"elementor-widget-wrap\">\n\t\t\t\t\t\t\t<\/div>\n\t\t<\/div>\n\t\t\t\t\t<\/div>\n\t\t<\/section>\n\t\t\t\t<section class=\"elementor-section elementor-top-section elementor-element elementor-element-431e688 elementor-section-boxed elementor-section-height-default elementor-section-height-default\" data-id=\"431e688\" data-element_type=\"section\" data-e-type=\"section\">\n\t\t\t\t\t\t<div class=\"elementor-container elementor-column-gap-default\">\n\t\t\t\t\t<div class=\"elementor-column elementor-col-100 elementor-top-column elementor-element elementor-element-5c1bc26\" data-id=\"5c1bc26\" data-element_type=\"column\" data-e-type=\"column\">\n\t\t\t<div class=\"elementor-widget-wrap elementor-element-populated\">\n\t\t\t\t\t\t<div class=\"elementor-element elementor-element-16735a4 elementor-widget-divider--view-line elementor-widget elementor-widget-divider\" data-id=\"16735a4\" data-element_type=\"widget\" data-e-type=\"widget\" data-widget_type=\"divider.default\">\n\t\t\t\t<div class=\"elementor-widget-container\">\n\t\t\t\t\t\t\t<div class=\"elementor-divider\">\n\t\t\t<span class=\"elementor-divider-separator\">\n\t\t\t\t\t\t<\/span>\n\t\t<\/div>\n\t\t\t\t\t\t<\/div>\n\t\t\t\t<\/div>\n\t\t\t\t\t<\/div>\n\t\t<\/div>\n\t\t\t\t\t<\/div>\n\t\t<\/section>\n\t\t\t\t<section class=\"elementor-section elementor-top-section elementor-element elementor-element-4c0324f elementor-section-boxed elementor-section-height-default elementor-section-height-default\" data-id=\"4c0324f\" data-element_type=\"section\" data-e-type=\"section\">\n\t\t\t\t\t\t<div class=\"elementor-container elementor-column-gap-default\">\n\t\t\t\t\t<div class=\"elementor-column elementor-col-33 elementor-top-column elementor-element elementor-element-da109c5\" data-id=\"da109c5\" data-element_type=\"column\" data-e-type=\"column\">\n\t\t\t<div class=\"elementor-widget-wrap elementor-element-populated\">\n\t\t\t\t\t\t<div class=\"elementor-element elementor-element-f6cb053 elementor-widget elementor-widget-text-editor\" data-id=\"f6cb053\" data-element_type=\"widget\" data-e-type=\"widget\" data-widget_type=\"text-editor.default\">\n\t\t\t\t<div class=\"elementor-widget-container\">\n\t\t\t\t\t\t\t\t\t<p><span style=\"color: #000000;\"><strong>Apoio<\/strong><\/span><\/p>\t\t\t\t\t\t\t\t<\/div>\n\t\t\t\t<\/div>\n\t\t\t\t<div class=\"elementor-element elementor-element-8ffd06a elementor-widget elementor-widget-image\" data-id=\"8ffd06a\" data-element_type=\"widget\" data-e-type=\"widget\" data-widget_type=\"image.default\">\n\t\t\t\t<div class=\"elementor-widget-container\">\n\t\t\t\t\t\t\t\t\t\t\t\t\t\t\t<img decoding=\"async\" width=\"300\" height=\"159\" src=\"https:\/\/institutotebas.org.br\/liberdadeoumorte\/wp-content\/uploads\/2024\/06\/logo-farol-antiracista-300x159.jpg\" class=\"attachment-medium size-medium wp-image-1985\" alt=\"S\u00e3o Paulo Farol Antirracista\" srcset=\"https:\/\/institutotebas.org.br\/liberdadeoumorte\/wp-content\/uploads\/2024\/06\/logo-farol-antiracista-300x159.jpg 300w, https:\/\/institutotebas.org.br\/liberdadeoumorte\/wp-content\/uploads\/2024\/06\/logo-farol-antiracista.jpg 500w\" sizes=\"(max-width: 300px) 100vw, 300px\" \/>\t\t\t\t\t\t\t\t\t\t\t\t\t\t\t<\/div>\n\t\t\t\t<\/div>\n\t\t\t\t\t<\/div>\n\t\t<\/div>\n\t\t\t\t<div class=\"elementor-column elementor-col-33 elementor-top-column elementor-element elementor-element-f6d85a3\" data-id=\"f6d85a3\" data-element_type=\"column\" data-e-type=\"column\">\n\t\t\t<div class=\"elementor-widget-wrap elementor-element-populated\">\n\t\t\t\t\t\t<div class=\"elementor-element elementor-element-14d837e elementor-widget elementor-widget-text-editor\" data-id=\"14d837e\" data-element_type=\"widget\" data-e-type=\"widget\" data-widget_type=\"text-editor.default\">\n\t\t\t\t<div class=\"elementor-widget-container\">\n\t\t\t\t\t\t\t\t\t<p><span style=\"color: #ffffff;\"><strong>Apoio:<\/strong><\/span><\/p>\t\t\t\t\t\t\t\t<\/div>\n\t\t\t\t<\/div>\n\t\t\t\t<div class=\"elementor-element elementor-element-d131517 elementor-widget elementor-widget-image\" data-id=\"d131517\" data-element_type=\"widget\" data-e-type=\"widget\" data-widget_type=\"image.default\">\n\t\t\t\t<div class=\"elementor-widget-container\">\n\t\t\t\t\t\t\t\t\t\t\t\t\t\t\t<img decoding=\"async\" width=\"300\" height=\"159\" src=\"https:\/\/institutotebas.org.br\/liberdadeoumorte\/wp-content\/uploads\/2024\/06\/logo-prefeitura-300x159.jpg\" class=\"attachment-medium size-medium wp-image-1984\" alt=\"Cida de S\u00e3o Paulo - Rela\u00e7\u00f5es Internacionais\" srcset=\"https:\/\/institutotebas.org.br\/liberdadeoumorte\/wp-content\/uploads\/2024\/06\/logo-prefeitura-300x159.jpg 300w, https:\/\/institutotebas.org.br\/liberdadeoumorte\/wp-content\/uploads\/2024\/06\/logo-prefeitura.jpg 500w\" sizes=\"(max-width: 300px) 100vw, 300px\" \/>\t\t\t\t\t\t\t\t\t\t\t\t\t\t\t<\/div>\n\t\t\t\t<\/div>\n\t\t\t\t\t<\/div>\n\t\t<\/div>\n\t\t\t\t<div class=\"elementor-column elementor-col-33 elementor-top-column elementor-element elementor-element-5aee31e\" data-id=\"5aee31e\" data-element_type=\"column\" data-e-type=\"column\">\n\t\t\t<div class=\"elementor-widget-wrap elementor-element-populated\">\n\t\t\t\t\t\t<div class=\"elementor-element elementor-element-0587d06 elementor-widget elementor-widget-text-editor\" data-id=\"0587d06\" data-element_type=\"widget\" data-e-type=\"widget\" data-widget_type=\"text-editor.default\">\n\t\t\t\t<div class=\"elementor-widget-container\">\n\t\t\t\t\t\t\t\t\t<p><span style=\"color: #ffffff;\"><strong>Apoio:<\/strong><\/span><\/p>\t\t\t\t\t\t\t\t<\/div>\n\t\t\t\t<\/div>\n\t\t\t\t<div class=\"elementor-element elementor-element-2daf83b elementor-widget elementor-widget-text-editor\" data-id=\"2daf83b\" data-element_type=\"widget\" data-e-type=\"widget\" data-widget_type=\"text-editor.default\">\n\t\t\t\t<div class=\"elementor-widget-container\">\n\t\t\t\t\t\t\t\t\t<h3>Mandato da vereadora Luana Alves<\/h3>\t\t\t\t\t\t\t\t<\/div>\n\t\t\t\t<\/div>\n\t\t\t\t\t<\/div>\n\t\t<\/div>\n\t\t\t\t\t<\/div>\n\t\t<\/section>\n\t\t\t\t<\/div>\n\t\t","protected":false},"excerpt":{"rendered":"<p>Coordena\u00e7\u00e3o Geral: Abilio Ferreira Produ\u00e7\u00e3o Executiva: Vera Longo, Abilio Ferreira e Alexandre Kishimoto Narrativas Textuais: Abilio Ferreira Narrativas Fotogr\u00e1ficas: Jo\u00e3o Leoci Narrativas Audiovisuais (Dire\u00e7\u00e3o): Alexandre Kishimoto Designer Gr\u00e1fico: Danilo de [&hellip;]<\/p>\n","protected":false},"author":1,"featured_media":0,"parent":0,"menu_order":0,"comment_status":"closed","ping_status":"closed","template":"","meta":{"footnotes":""},"class_list":["post-1850","page","type-page","status-publish","hentry"],"yoast_head":"<!-- This site is optimized with the Yoast SEO plugin v27.2 - https:\/\/yoast.com\/product\/yoast-seo-wordpress\/ -->\n<title>Ficha T\u00e9cnica - Liberdade ou Morte<\/title>\n<meta name=\"description\" content=\"Conhe\u00e7a a ficha t\u00e9cnica completa da webs\u00e9rie LIBERDADE OU MORTE: HIST\u00d3RIAS QUE A HIST\u00d3RIA N\u00c3O CONTA lan\u00e7ada pelo Instituto Tebas.\" \/>\n<meta name=\"robots\" content=\"index, follow, max-snippet:-1, max-image-preview:large, max-video-preview:-1\" \/>\n<link rel=\"canonical\" href=\"https:\/\/institutotebas.org.br\/liberdadeoumorte\/ficha-tecnica\/\" \/>\n<meta property=\"og:locale\" content=\"pt_BR\" \/>\n<meta property=\"og:type\" content=\"article\" \/>\n<meta property=\"og:title\" content=\"Ficha T\u00e9cnica - Liberdade ou Morte\" \/>\n<meta property=\"og:description\" content=\"Conhe\u00e7a a ficha t\u00e9cnica completa da webs\u00e9rie LIBERDADE OU MORTE: HIST\u00d3RIAS QUE A HIST\u00d3RIA N\u00c3O CONTA lan\u00e7ada pelo Instituto Tebas.\" \/>\n<meta property=\"og:url\" content=\"https:\/\/institutotebas.org.br\/liberdadeoumorte\/ficha-tecnica\/\" \/>\n<meta property=\"og:site_name\" content=\"Liberdade ou Morte\" \/>\n<meta property=\"article:publisher\" content=\"https:\/\/www.facebook.com\/liberdadeoumortee\" \/>\n<meta property=\"article:modified_time\" content=\"2024-07-08T18:19:48+00:00\" \/>\n<meta property=\"og:image\" content=\"https:\/\/institutotebas.org.br\/liberdadeoumorte\/wp-content\/uploads\/2024\/06\/logo-instituto-tebas-300x159.jpg\" \/>\n<meta name=\"twitter:card\" content=\"summary_large_image\" \/>\n<meta name=\"twitter:label1\" content=\"Est. tempo de leitura\" \/>\n\t<meta name=\"twitter:data1\" content=\"1 minuto\" \/>\n<script type=\"application\/ld+json\" class=\"yoast-schema-graph\">{\"@context\":\"https:\/\/schema.org\",\"@graph\":[{\"@type\":\"WebPage\",\"@id\":\"https:\/\/institutotebas.org.br\/liberdadeoumorte\/ficha-tecnica\/\",\"url\":\"https:\/\/institutotebas.org.br\/liberdadeoumorte\/ficha-tecnica\/\",\"name\":\"Ficha T\u00e9cnica - Liberdade ou Morte\",\"isPartOf\":{\"@id\":\"https:\/\/institutotebas.org.br\/liberdadeoumorte\/#website\"},\"primaryImageOfPage\":{\"@id\":\"https:\/\/institutotebas.org.br\/liberdadeoumorte\/ficha-tecnica\/#primaryimage\"},\"image\":{\"@id\":\"https:\/\/institutotebas.org.br\/liberdadeoumorte\/ficha-tecnica\/#primaryimage\"},\"thumbnailUrl\":\"https:\/\/institutotebas.org.br\/liberdadeoumorte\/wp-content\/uploads\/2024\/06\/logo-instituto-tebas-300x159.jpg\",\"datePublished\":\"2024-06-10T15:04:51+00:00\",\"dateModified\":\"2024-07-08T18:19:48+00:00\",\"description\":\"Conhe\u00e7a a ficha t\u00e9cnica completa da webs\u00e9rie LIBERDADE OU MORTE: HIST\u00d3RIAS QUE A HIST\u00d3RIA N\u00c3O CONTA lan\u00e7ada pelo Instituto Tebas.\",\"breadcrumb\":{\"@id\":\"https:\/\/institutotebas.org.br\/liberdadeoumorte\/ficha-tecnica\/#breadcrumb\"},\"inLanguage\":\"pt-BR\",\"potentialAction\":[{\"@type\":\"ReadAction\",\"target\":[\"https:\/\/institutotebas.org.br\/liberdadeoumorte\/ficha-tecnica\/\"]}]},{\"@type\":\"ImageObject\",\"inLanguage\":\"pt-BR\",\"@id\":\"https:\/\/institutotebas.org.br\/liberdadeoumorte\/ficha-tecnica\/#primaryimage\",\"url\":\"https:\/\/institutotebas.org.br\/liberdadeoumorte\/wp-content\/uploads\/2024\/06\/logo-instituto-tebas.jpg\",\"contentUrl\":\"https:\/\/institutotebas.org.br\/liberdadeoumorte\/wp-content\/uploads\/2024\/06\/logo-instituto-tebas.jpg\",\"width\":500,\"height\":265,\"caption\":\"Instituto Tebas\"},{\"@type\":\"BreadcrumbList\",\"@id\":\"https:\/\/institutotebas.org.br\/liberdadeoumorte\/ficha-tecnica\/#breadcrumb\",\"itemListElement\":[{\"@type\":\"ListItem\",\"position\":1,\"name\":\"In\u00edcio\",\"item\":\"https:\/\/institutotebas.org.br\/liberdadeoumorte\/\"},{\"@type\":\"ListItem\",\"position\":2,\"name\":\"Ficha T\u00e9cnica\"}]},{\"@type\":\"WebSite\",\"@id\":\"https:\/\/institutotebas.org.br\/liberdadeoumorte\/#website\",\"url\":\"https:\/\/institutotebas.org.br\/liberdadeoumorte\/\",\"name\":\"Liberdade ou Morte\",\"description\":\"Liberdade ou Morte: hist\u00f3rias que a Hist\u00f3ria n\u00e3o conta &lt;\/b&gt; \u00e9 um projeto formado por duas narrativas - uma webs\u00e9rie audiovisual e um ensaio fotogr\u00e1fico-liter\u00e1rio - de sete epis\u00f3dios cada uma. S\u00e3o, na verdade, duas abordagens sobre o mesmo tema: a agenda de combate ao racismo que se desenvolveu na cidade de S\u00e3o Paulo a partir de 1978, com a reorganiza\u00e7\u00e3o do Movimento Negro contempor\u00e2neo. O t\u00edtulo do projeto (Liberdade ou Morte) remete ao lema da Revolu\u00e7\u00e3o do Haiti (1791-1804), numa interpreta\u00e7\u00e3o cr\u00edtica do projeto de na\u00e7\u00e3o veiculado pelo Grito do Ipiranga (Independ\u00eancia ou morte), cujo bicenten\u00e1rio foi comemorado em 2022, em plena retomada das mobiliza\u00e7\u00f5es coletivas p\u00f3s-pandemia\",\"potentialAction\":[{\"@type\":\"SearchAction\",\"target\":{\"@type\":\"EntryPoint\",\"urlTemplate\":\"https:\/\/institutotebas.org.br\/liberdadeoumorte\/?s={search_term_string}\"},\"query-input\":{\"@type\":\"PropertyValueSpecification\",\"valueRequired\":true,\"valueName\":\"search_term_string\"}}],\"inLanguage\":\"pt-BR\"}]}<\/script>\n<!-- \/ Yoast SEO plugin. -->","yoast_head_json":{"title":"Ficha T\u00e9cnica - Liberdade ou Morte","description":"Conhe\u00e7a a ficha t\u00e9cnica completa da webs\u00e9rie LIBERDADE OU MORTE: HIST\u00d3RIAS QUE A HIST\u00d3RIA N\u00c3O CONTA lan\u00e7ada pelo Instituto Tebas.","robots":{"index":"index","follow":"follow","max-snippet":"max-snippet:-1","max-image-preview":"max-image-preview:large","max-video-preview":"max-video-preview:-1"},"canonical":"https:\/\/institutotebas.org.br\/liberdadeoumorte\/ficha-tecnica\/","og_locale":"pt_BR","og_type":"article","og_title":"Ficha T\u00e9cnica - Liberdade ou Morte","og_description":"Conhe\u00e7a a ficha t\u00e9cnica completa da webs\u00e9rie LIBERDADE OU MORTE: HIST\u00d3RIAS QUE A HIST\u00d3RIA N\u00c3O CONTA lan\u00e7ada pelo Instituto Tebas.","og_url":"https:\/\/institutotebas.org.br\/liberdadeoumorte\/ficha-tecnica\/","og_site_name":"Liberdade ou Morte","article_publisher":"https:\/\/www.facebook.com\/liberdadeoumortee","article_modified_time":"2024-07-08T18:19:48+00:00","og_image":[{"url":"https:\/\/institutotebas.org.br\/liberdadeoumorte\/wp-content\/uploads\/2024\/06\/logo-instituto-tebas-300x159.jpg","type":"","width":"","height":""}],"twitter_card":"summary_large_image","twitter_misc":{"Est. tempo de leitura":"1 minuto"},"schema":{"@context":"https:\/\/schema.org","@graph":[{"@type":"WebPage","@id":"https:\/\/institutotebas.org.br\/liberdadeoumorte\/ficha-tecnica\/","url":"https:\/\/institutotebas.org.br\/liberdadeoumorte\/ficha-tecnica\/","name":"Ficha T\u00e9cnica - Liberdade ou Morte","isPartOf":{"@id":"https:\/\/institutotebas.org.br\/liberdadeoumorte\/#website"},"primaryImageOfPage":{"@id":"https:\/\/institutotebas.org.br\/liberdadeoumorte\/ficha-tecnica\/#primaryimage"},"image":{"@id":"https:\/\/institutotebas.org.br\/liberdadeoumorte\/ficha-tecnica\/#primaryimage"},"thumbnailUrl":"https:\/\/institutotebas.org.br\/liberdadeoumorte\/wp-content\/uploads\/2024\/06\/logo-instituto-tebas-300x159.jpg","datePublished":"2024-06-10T15:04:51+00:00","dateModified":"2024-07-08T18:19:48+00:00","description":"Conhe\u00e7a a ficha t\u00e9cnica completa da webs\u00e9rie LIBERDADE OU MORTE: HIST\u00d3RIAS QUE A HIST\u00d3RIA N\u00c3O CONTA lan\u00e7ada pelo Instituto Tebas.","breadcrumb":{"@id":"https:\/\/institutotebas.org.br\/liberdadeoumorte\/ficha-tecnica\/#breadcrumb"},"inLanguage":"pt-BR","potentialAction":[{"@type":"ReadAction","target":["https:\/\/institutotebas.org.br\/liberdadeoumorte\/ficha-tecnica\/"]}]},{"@type":"ImageObject","inLanguage":"pt-BR","@id":"https:\/\/institutotebas.org.br\/liberdadeoumorte\/ficha-tecnica\/#primaryimage","url":"https:\/\/institutotebas.org.br\/liberdadeoumorte\/wp-content\/uploads\/2024\/06\/logo-instituto-tebas.jpg","contentUrl":"https:\/\/institutotebas.org.br\/liberdadeoumorte\/wp-content\/uploads\/2024\/06\/logo-instituto-tebas.jpg","width":500,"height":265,"caption":"Instituto Tebas"},{"@type":"BreadcrumbList","@id":"https:\/\/institutotebas.org.br\/liberdadeoumorte\/ficha-tecnica\/#breadcrumb","itemListElement":[{"@type":"ListItem","position":1,"name":"In\u00edcio","item":"https:\/\/institutotebas.org.br\/liberdadeoumorte\/"},{"@type":"ListItem","position":2,"name":"Ficha T\u00e9cnica"}]},{"@type":"WebSite","@id":"https:\/\/institutotebas.org.br\/liberdadeoumorte\/#website","url":"https:\/\/institutotebas.org.br\/liberdadeoumorte\/","name":"Liberdade ou Morte","description":"Liberdade ou Morte: hist\u00f3rias que a Hist\u00f3ria n\u00e3o conta &lt;\/b&gt; \u00e9 um projeto formado por duas narrativas - uma webs\u00e9rie audiovisual e um ensaio fotogr\u00e1fico-liter\u00e1rio - de sete epis\u00f3dios cada uma. S\u00e3o, na verdade, duas abordagens sobre o mesmo tema: a agenda de combate ao racismo que se desenvolveu na cidade de S\u00e3o Paulo a partir de 1978, com a reorganiza\u00e7\u00e3o do Movimento Negro contempor\u00e2neo. O t\u00edtulo do projeto (Liberdade ou Morte) remete ao lema da Revolu\u00e7\u00e3o do Haiti (1791-1804), numa interpreta\u00e7\u00e3o cr\u00edtica do projeto de na\u00e7\u00e3o veiculado pelo Grito do Ipiranga (Independ\u00eancia ou morte), cujo bicenten\u00e1rio foi comemorado em 2022, em plena retomada das mobiliza\u00e7\u00f5es coletivas p\u00f3s-pandemia","potentialAction":[{"@type":"SearchAction","target":{"@type":"EntryPoint","urlTemplate":"https:\/\/institutotebas.org.br\/liberdadeoumorte\/?s={search_term_string}"},"query-input":{"@type":"PropertyValueSpecification","valueRequired":true,"valueName":"search_term_string"}}],"inLanguage":"pt-BR"}]}},"_links":{"self":[{"href":"https:\/\/institutotebas.org.br\/liberdadeoumorte\/wp-json\/wp\/v2\/pages\/1850","targetHints":{"allow":["GET"]}}],"collection":[{"href":"https:\/\/institutotebas.org.br\/liberdadeoumorte\/wp-json\/wp\/v2\/pages"}],"about":[{"href":"https:\/\/institutotebas.org.br\/liberdadeoumorte\/wp-json\/wp\/v2\/types\/page"}],"author":[{"embeddable":true,"href":"https:\/\/institutotebas.org.br\/liberdadeoumorte\/wp-json\/wp\/v2\/users\/1"}],"replies":[{"embeddable":true,"href":"https:\/\/institutotebas.org.br\/liberdadeoumorte\/wp-json\/wp\/v2\/comments?post=1850"}],"version-history":[{"count":19,"href":"https:\/\/institutotebas.org.br\/liberdadeoumorte\/wp-json\/wp\/v2\/pages\/1850\/revisions"}],"predecessor-version":[{"id":2003,"href":"https:\/\/institutotebas.org.br\/liberdadeoumorte\/wp-json\/wp\/v2\/pages\/1850\/revisions\/2003"}],"wp:attachment":[{"href":"https:\/\/institutotebas.org.br\/liberdadeoumorte\/wp-json\/wp\/v2\/media?parent=1850"}],"curies":[{"name":"wp","href":"https:\/\/api.w.org\/{rel}","templated":true}]}}